{"id":42,"date":"2014-10-21T16:42:06","date_gmt":"2014-10-21T14:42:06","guid":{"rendered":"http:\/\/www.onlyfinance.it\/?page_id=42"},"modified":"2014-11-30T23:33:32","modified_gmt":"2014-11-30T22:33:32","slug":"finanziati-con-i-minibond","status":"publish","type":"page","link":"https:\/\/www.onlyfinance.it\/?page_id=42","title":{"rendered":"Minibond"},"content":{"rendered":"<p>I <strong>minibond<\/strong> rappresentano una <strong>nuova opportunit\u00e0 di finanziamento<\/strong> per le imprese, che possono cos\u00ec affiancare alle tradizionali forme di finanziamento bancario delle nuove forme di accesso al credito, per finanziare nel medio termine i propri progetti di investimento e di sviluppo aziendale.<\/p>\n<p>&nbsp;<\/p>\n<p>I minibond sono degli<strong> strumenti finanziari<\/strong>, assimilabili ai titoli di credito o alle obbligazioni, aventi natura di finanziamento; essi possono essere <strong>sottoscritti da degli investitori professionali qualificati<\/strong> e possono circolare autonomamente, senza restrizioni.<\/p>\n<p>&nbsp;<\/p>\n<p>Ai minibond possono accedere le <strong>Societ\u00e0 per Azioni, anche non quotate,<\/strong> purch\u00e9 con un fatturato superiore ai 2 milioni di euro (sono escluse le micro imprese); \u00e8 per\u00f2 pi\u00f9 che opportuno presentare ai potenziali sottoscrittori un solido <strong>progetto di sviluppo<\/strong> (un business plan o un piano industriale), la capacit\u00e0 di gestire nel modo pi\u00f9 opportuno la <strong>tesoreria aziendale<\/strong> e la programmazione economica e finanziaria, avere una clientela ampia e una <strong>credit policy aziendale<\/strong> per la gestione del credito commerciale, un <strong>management<\/strong> qualificato ed esperto.<\/p>\n<p>&nbsp;<\/p>\n<p>L&#8217;emissione e la sottoscrizione dei minibond presenta dei <strong>vantaggi fiscali sia per l&#8217;emittente che per l&#8217;investitore:<\/strong><\/p>\n<ul>\n<li>all&#8217;emittente si consente la deducibilit\u00e0 degli interessi passivi entro il limite del 30% del ROL e la deducibilit\u00e0 delle spese di emissione nel corso dell&#8217;esercizio in cui sono state sostenute.<\/li>\n<li>al sottoscrittore si consente una imposizione sostitutiva che permette l&#8217;esenzione dell&#8217;applicazione delle ritenuta alla fonte e l&#8217;erogazione dei proventi al lordo dell&#8217;imposta per i soggetti lordisti residenti in Italia.<\/li>\n<\/ul>\n<p>&nbsp;<\/p>\n<p>Il processo di emissione viene seguito da un <strong>Advisor<\/strong>, che assiste l&#8217;emittente nei rapporti con l&#8217;<strong>Arranger<\/strong>, ovvero l&#8217;istituto che cura i rapporti con i sottoscrittori.<\/p>\n<p>I titoli possono essere quotati sul mercato regolamentato <strong>ExtraMOT PRO di Borsa Italiana<\/strong>. La sottoscrizione \u00e8 riservata a investitori professionali di diritto o &#8220;su richiesta&#8221;, che non siano soci con una partecipazione al capitale superiore al 2%.<\/p>\n<p>&nbsp;<\/p>\n<p>Le fasi nelle quali si pu\u00f2 idealmente suddividere una <strong>operazione di emissione<\/strong> di minibond sono le seguenti:<\/p>\n<ol>\n<li><strong>analisi preliminare di fattibilit\u00e0 dell&#8217;operazione<\/strong> &#8211; nel corso della fase preliminare si valuta la sussistenza dei requisiti minimi per poter imbastire l&#8217;operazione, si procede alla predisposizione di un piano industriale, che contempli un investimento in grado di generare della liquidit\u00e0 futura, tale da garantire il rientro dal finanziamento. Si procede ad una analisi della struttura del debito bancario dell&#8217;impresa che intende emettere il minibond, per quantificare il tasso effettivo globale del debito attuale, suddiviso per singole linee di credito. Si quantifica il fabbisogno finanziario ed il suo costo atteso. Si valutano i criteri di gestione del credito commerciale e la sussistenza di specifiche assicurazioni sul credito. Si predispone il business plan o l&#8217;offering memorandum che deve essere sottoposto alla attenzione dei potenziali sottoscrittori.<\/li>\n<li><strong>la strutturazione dei termini e delle condizioni dell&#8217;operazione<\/strong> &#8211; in questa fase si procede alla definizione del tasso di interesse, della durata del prestito e alla stesura dei principali covenants, ovvero dei termini e delle condizioni dell&#8217;operazione: l&#8217;ammontare dell&#8217;emissione e le eventuali garanzie offerte. Si compila il prospetto informativo ed il regolamento per la quotazione.<\/li>\n<li><strong>la valutazione dell&#8217;emittente da parte di una agenzia di rating<\/strong> &#8211; pur non essendo richiesta per legge la valutazione della impresa emittente da parte di una agenzia di rating, tale prassi e ampiamente consigliabile. L&#8217;agenzia di rating \u00e8 un soggetto &#8220;terzo&#8221; che \u00e8 chiamato ad una valutazione del merito creditizio del soggetto emittente sotto il profilo sia qualitativo che quantitativo. Il giudizio di una agenzia di rating pu\u00f2 essere richiesto dalla stessa impresa soggetta a investigazione, che ne richiede la pubblicazione e che collabora attivamente al processo di due diligence, oppure pu\u00f2 essere richiesto dagli investitori, nel qual caso si richiede il giudizio di una societ\u00e0 di rating autorizzata dalla Consob e dalla ESMA.<\/li>\n<li><strong>la ricerca dei potenziali investitori<\/strong> &#8211; il funding \u00e8 il momento pi\u00f9 importante dell&#8217;intera processo di emissione; la banca Arranger avvia i contatti con gli investitori professionali per promuovere la sottoscrizione dei titoli.<\/li>\n<li><strong>l&#8217;emissione dei titoli e l&#8217;eventuale quotazione<\/strong>\u00a0&#8211; dopo la sottoscrizione di procede alla dematerializzazione dei titoli, alla attribuzione dell&#8217;ISIN e alla quotazione sul mercato ExtraMOT PRO di Borsa Italiana.<\/li>\n<\/ol>\n","protected":false},"excerpt":{"rendered":"<p>I minibond rappresentano una nuova opportunit\u00e0 di finanziamento per le imprese, che possono cos\u00ec affiancare alle tradizionali forme di finanziamento bancario delle nuove forme di accesso al credito, per finanziare nel medio termine i propri progetti di investimento e di sviluppo aziendale. &nbsp; I minibond sono degli strumenti finanziari, assimilabili ai titoli di credito o [&hellip;]<\/p>\n","protected":false},"author":1,"featured_media":0,"parent":0,"menu_order":0,"comment_status":"open","ping_status":"open","template":"","meta":[],"_links":{"self":[{"href":"https:\/\/www.onlyfinance.it\/index.php?rest_route=\/wp\/v2\/pages\/42"}],"collection":[{"href":"https:\/\/www.onlyfinance.it\/index.php?rest_route=\/wp\/v2\/pages"}],"about":[{"href":"https:\/\/www.onlyfinance.it\/index.php?rest_route=\/wp\/v2\/types\/page"}],"author":[{"embeddable":true,"href":"https:\/\/www.onlyfinance.it\/index.php?rest_route=\/wp\/v2\/users\/1"}],"replies":[{"embeddable":true,"href":"https:\/\/www.onlyfinance.it\/index.php?rest_route=%2Fwp%2Fv2%2Fcomments&post=42"}],"version-history":[{"count":16,"href":"https:\/\/www.onlyfinance.it\/index.php?rest_route=\/wp\/v2\/pages\/42\/revisions"}],"predecessor-version":[{"id":174,"href":"https:\/\/www.onlyfinance.it\/index.php?rest_route=\/wp\/v2\/pages\/42\/revisions\/174"}],"wp:attachment":[{"href":"https:\/\/www.onlyfinance.it\/index.php?rest_route=%2Fwp%2Fv2%2Fmedia&parent=42"}],"curies":[{"name":"wp","href":"https:\/\/api.w.org\/{rel}","templated":true}]}}